{"id":4727,"date":"2025-05-20T14:38:21","date_gmt":"2025-05-20T12:38:21","guid":{"rendered":"https:\/\/helbredspartner.dk\/?page_id=4727"},"modified":"2025-05-20T14:40:49","modified_gmt":"2025-05-20T12:40:49","slug":"kontaktformular","status":"publish","type":"page","link":"https:\/\/helbredspartner.dk\/en\/kontaktformular\/","title":{"rendered":"Fotrydelse og opsigelse af abonnement"},"content":{"rendered":"\t\t<div data-elementor-type=\"wp-page\" data-elementor-id=\"4727\" class=\"elementor elementor-4727\" data-elementor-post-type=\"page\">\n\t\t\t\t<div class=\"elementor-element elementor-element-7003082 e-flex e-con-boxed e-con e-parent\" data-id=\"7003082\" data-element_type=\"container\" data-e-type=\"container\">\n\t\t\t\t\t<div class=\"e-con-inner\">\n\t\t\t\t<div class=\"elementor-element elementor-element-4925a0c elementor-widget elementor-widget-wpforms\" data-id=\"4925a0c\" data-element_type=\"widget\" data-e-type=\"widget\" data-widget_type=\"wpforms.default\">\n\t\t\t\t<div class=\"elementor-widget-container\">\n\t\t\t\t\t<div class=\"wpforms-container \" id=\"wpforms-31\"><form id=\"wpforms-form-31\" class=\"wpforms-validate wpforms-form\" data-formid=\"31\" method=\"post\" enctype=\"multipart\/form-data\" action=\"\/en\/wp-json\/wp\/v2\/pages\/4727\" data-token=\"15a438071bcd4981c6f484f4e70584c3\" data-token-time=\"1778868338\"><noscript class=\"wpforms-error-noscript\">Please enable JavaScript in your browser to complete this form.<\/noscript><div class=\"wpforms-field-container\"><div id=\"wpforms-31-field_5-container\" class=\"wpforms-field wpforms-field-select wpforms-field-select-style-classic\" data-field-id=\"5\"><label class=\"wpforms-field-label\" for=\"wpforms-31-field_5\">V\u00e6lg kategori <span class=\"wpforms-required-label\">*<\/span><\/label><select id=\"wpforms-31-field_5\" class=\"wpforms-field-medium wpforms-field-required\" name=\"wpforms[fields][5]\" required=\"required\"><option value=\"Jeg \u00f8nsker at g\u00f8re brug af min fortrydelsessret\"  class=\"choice-2 depth-1\"  >Jeg \u00f8nsker at g\u00f8re brug af min fortrydelsessret<\/option><option value=\"Opsig mit medlemskab\"  class=\"choice-1 depth-1\"  >Opsig mit medlemskab<\/option><\/select><\/div><div id=\"wpforms-31-field_0-container\" class=\"wpforms-field wpforms-field-name\" data-field-id=\"0\"><label class=\"wpforms-field-label\" for=\"wpforms-31-field_0\">Fulde Navn <span class=\"wpforms-required-label\">*<\/span><\/label><input type=\"text\" id=\"wpforms-31-field_0\" class=\"wpforms-field-large wpforms-field-required\" name=\"wpforms[fields][0]\" placeholder=\"Fulde navn\" required><\/div><div id=\"wpforms-31-field_8-container\" class=\"wpforms-field wpforms-field-name\" data-field-id=\"8\"><label class=\"wpforms-field-label\" for=\"wpforms-31-field_8\">Mobilnummer <span class=\"wpforms-required-label\">*<\/span><\/label><input type=\"text\" id=\"wpforms-31-field_8\" class=\"wpforms-field-large wpforms-field-required\" name=\"wpforms[fields][8]\" placeholder=\"Mobilnummer\" required><\/div>\t\t<div id=\"wpforms-31-field_3-container\"\n\t\t\tclass=\"wpforms-field wpforms-field-text\"\n\t\t\tdata-field-type=\"text\"\n\t\t\tdata-field-id=\"3\"\n\t\t\t>\n\t\t\t<label class=\"wpforms-field-label\" for=\"wpforms-31-field_3\" >kategori Dato Adresse<\/label>\n\t\t\t<input type=\"text\" id=\"wpforms-31-field_3\" class=\"wpforms-field-medium\" name=\"wpforms[fields][3]\" >\n\t\t<\/div>\n\t\t<div id=\"wpforms-31-field_1-container\" class=\"wpforms-field wpforms-field-email\" data-field-id=\"1\"><label class=\"wpforms-field-label\">Email <span class=\"wpforms-required-label\">*<\/span><\/label><div class=\"wpforms-field-row wpforms-field-large\"><div class=\"wpforms-field-row-block wpforms-one-half wpforms-first\"><input type=\"email\" id=\"wpforms-31-field_1\" class=\"wpforms-field-required wpforms-field-email-primary\" name=\"wpforms[fields][1][primary]\" placeholder=\"Email\" spellcheck=\"false\" required><label for=\"wpforms-31-field_1\" class=\"wpforms-field-sublabel after\">Email<\/label><\/div><div class=\"wpforms-field-row-block wpforms-one-half\"><input type=\"email\" id=\"wpforms-31-field_1-secondary\" class=\"wpforms-field-email-secondary wpforms-field-required\" data-rule-confirm=\"#wpforms-31-field_1\" name=\"wpforms[fields][1][secondary]\" spellcheck=\"false\" required><label for=\"wpforms-31-field_1-secondary\" class=\"wpforms-field-sublabel after\">Confirm Email<\/label><\/div><\/div><\/div><div id=\"wpforms-31-field_6-container\" class=\"wpforms-field wpforms-field-name\" data-field-id=\"6\"><label class=\"wpforms-field-label\" for=\"wpforms-31-field_6\">Adresse <span class=\"wpforms-required-label\">*<\/span><\/label><input type=\"text\" id=\"wpforms-31-field_6\" class=\"wpforms-field-large wpforms-field-required\" name=\"wpforms[fields][6]\" placeholder=\"Adresse\" required><\/div><div id=\"wpforms-31-field_7-container\" class=\"wpforms-field wpforms-field-name\" data-field-id=\"7\"><label class=\"wpforms-field-label\" for=\"wpforms-31-field_7\">Dato for k\u00f8b af ydelse <span class=\"wpforms-required-label\">*<\/span><\/label><input type=\"text\" id=\"wpforms-31-field_7\" class=\"wpforms-field-large wpforms-field-required\" name=\"wpforms[fields][7]\" placeholder=\"dd\/mm\/yyyy\" required><\/div><div id=\"wpforms-31-field_2-container\" class=\"wpforms-field wpforms-field-textarea\" data-field-id=\"2\"><label class=\"wpforms-field-label\" for=\"wpforms-31-field_2\">Kommentar eller besked <span class=\"wpforms-required-label\">*<\/span><\/label><textarea id=\"wpforms-31-field_2\" class=\"wpforms-field-medium wpforms-field-required\" name=\"wpforms[fields][2]\" placeholder=\"Besked\" required><\/textarea><div class=\"wpforms-field-description\">Uddyb venligst din henvendelse<\/div><\/div><script>\n\t\t\t\t( function() {\n\t\t\t\t\tconst style = document.createElement( 'style' );\n\t\t\t\t\tstyle.appendChild( document.createTextNode( '#wpforms-31-field_3-container { position: absolute !important; overflow: hidden !important; display: inline !important; height: 1px !important; width: 1px !important; z-index: -1000 !important; padding: 0 !important; } #wpforms-31-field_3-container input { visibility: hidden; } #wpforms-conversational-form-page #wpforms-31-field_3-container label { counter-increment: none; }' ) );\n\t\t\t\t\tdocument.head.appendChild( style );\n\t\t\t\t\tdocument.currentScript?.remove();\n\t\t\t\t} )();\n\t\t\t<\/script><\/div><!-- .wpforms-field-container --><div class=\"wpforms-recaptcha-container wpforms-is-recaptcha wpforms-is-recaptcha-type-v2\" ><div class=\"g-recaptcha\" data-sitekey=\"6LfpRkErAAAAACcVc9OhmA_sHS8etGYCd0gpgucl\"><\/div><input type=\"text\" name=\"g-recaptcha-hidden\" class=\"wpforms-recaptcha-hidden\" style=\"position:absolute!important;clip:rect(0,0,0,0)!important;height:1px!important;width:1px!important;border:0!important;overflow:hidden!important;padding:0!important;margin:0!important;\" data-rule-recaptcha=\"1\"><\/div><div class=\"wpforms-submit-container\" ><input type=\"hidden\" name=\"wpforms[id]\" value=\"31\"><input type=\"hidden\" name=\"page_title\" value=\"\"><input type=\"hidden\" name=\"page_url\" value=\"https:\/\/helbredspartner.dk\/en\/wp-json\/wp\/v2\/pages\/4727\"><input type=\"hidden\" name=\"url_referer\" value=\"\"><button type=\"submit\" name=\"wpforms[submit]\" id=\"wpforms-submit-31\" class=\"wpforms-submit\" data-alt-text=\"Sender...\" data-submit-text=\"Send\" aria-live=\"assertive\" value=\"wpforms-submit\">Send<\/button><\/div><\/form><\/div>  <!-- .wpforms-container -->\t\t\t\t<\/div>\n\t\t\t\t<\/div>\n\t\t\t\t\t<\/div>\n\t\t\t\t<\/div>\n\t\t\t\t<\/div>\n\t\t","protected":false},"excerpt":{"rendered":"<p>Please enable JavaScript in your browser to complete this form.V\u00e6lg kategori *Jeg \u00f8nsker at g\u00f8re brug af min fortrydelsessretOpsig mit medlemskabFulde Navn *Mobilnummer *Email *EmailConfirm EmailAdresse *Dato for k\u00f8b af ydelse *Kommentar eller besked *Uddyb venligst din henvendelse Send<\/p>","protected":false},"author":1,"featured_media":0,"parent":0,"menu_order":0,"comment_status":"closed","ping_status":"closed","template":"","meta":{"inline_featured_image":false,"site-sidebar-layout":"no-sidebar","site-content-layout":"page-builder","ast-site-content-layout":"full-width-container","site-content-style":"default","site-sidebar-style":"default","ast-global-header-display":"","ast-banner-title-visibility":"","ast-main-header-display":"","ast-hfb-above-header-display":"","ast-hfb-below-header-display":"","ast-hfb-mobile-header-display":"","site-post-title":"disabled","ast-breadcrumbs-content":"","ast-featured-img":"disabled","footer-sml-layout":"","theme-transparent-header-meta":"","adv-header-id-meta":"","stick-header-meta":"","header-above-stick-meta":"","header-main-stick-meta":"","header-below-stick-meta":"","astra-migrate-meta-layouts":"set","ast-page-background-enabled":"default","ast-page-background-meta":{"desktop":{"background-color":"","background-image":"","background-repeat":"repeat","background-position":"center center","background-size":"auto","background-attachment":"scroll","background-type":"","background-media":"","overlay-type":"","overlay-color":"","overlay-opacity":"","overlay-gradient":""},"tablet":{"background-color":"","background-image":"","background-repeat":"repeat","background-position":"center center","background-size":"auto","background-attachment":"scroll","background-type":"","background-media":"","overlay-type":"","overlay-color":"","overlay-opacity":"","overlay-gradient":""},"mobile":{"background-color":"","background-image":"","background-repeat":"repeat","background-position":"center center","background-size":"auto","background-attachment":"scroll","background-type":"","background-media":"","overlay-type":"","overlay-color":"","overlay-opacity":"","overlay-gradient":""}},"ast-content-background-meta":{"desktop":{"background-color":"var(--ast-global-color-5)","background-image":"","background-repeat":"repeat","background-position":"center center","background-size":"auto","background-attachment":"scroll","background-type":"","background-media":"","overlay-type":"","overlay-color":"","overlay-opacity":"","overlay-gradient":""},"tablet":{"background-color":"var(--ast-global-color-5)","background-image":"","background-repeat":"repeat","background-position":"center center","background-size":"auto","background-attachment":"scroll","background-type":"","background-media":"","overlay-type":"","overlay-color":"","overlay-opacity":"","overlay-gradient":""},"mobile":{"background-color":"var(--ast-global-color-5)","background-image":"","background-repeat":"repeat","background-position":"center center","background-size":"auto","background-attachment":"scroll","background-type":"","background-media":"","overlay-type":"","overlay-color":"","overlay-opacity":"","overlay-gradient":""}},"footnotes":""},"class_list":["post-4727","page","type-page","status-publish","hentry"],"yoast_head":"<!-- This site is optimized with the Yoast SEO Premium plugin v27.6 (Yoast SEO v27.6) - https:\/\/yoast.com\/product\/yoast-seo-premium-wordpress\/ -->\n<title>Fotrydelse og opsigelse af abonnement - Forst\u00e5 din krop<\/title>\n<meta name=\"description\" content=\"Please enable JavaScript in your browser to complete this form.V\u00e6lg kategori *Jeg \u00f8nsker at g\u00f8re brug af min fortrydelsessretOpsig mit medlemskabFulde\" \/>\n<meta name=\"robots\" content=\"noindex, follow\" \/>\n<meta property=\"og:locale\" content=\"en_US\" \/>\n<meta property=\"og:type\" content=\"article\" \/>\n<meta property=\"og:title\" content=\"Fotrydelse og opsigelse af abonnement\" \/>\n<meta property=\"og:description\" content=\"Please enable JavaScript in your browser to complete this form.V\u00e6lg kategori *Jeg \u00f8nsker at g\u00f8re brug af min fortrydelsessretOpsig mit medlemskabFulde\" \/>\n<meta property=\"og:url\" content=\"https:\/\/helbredspartner.dk\/en\/kontaktformular\/\" \/>\n<meta property=\"og:site_name\" content=\"Helbredspartner\" \/>\n<meta property=\"article:publisher\" content=\"https:\/\/www.facebook.com\/profile.php?id=61568761004683\" \/>\n<meta property=\"article:modified_time\" content=\"2025-05-20T12:40:49+00:00\" \/>\n<meta property=\"og:image\" content=\"https:\/\/helbredspartner.dk\/wp-content\/uploads\/2025\/01\/color1_icon_transparent_background.png\" \/>\n\t<meta property=\"og:image:width\" content=\"1200\" \/>\n\t<meta property=\"og:image:height\" content=\"867\" \/>\n\t<meta property=\"og:image:type\" content=\"image\/png\" \/>\n<meta name=\"twitter:card\" content=\"summary_large_image\" \/>\n<meta name=\"twitter:label1\" content=\"Est. reading time\" \/>\n\t<meta name=\"twitter:data1\" content=\"1 minute\" \/>\n<script type=\"application\/ld+json\" class=\"yoast-schema-graph\">{\"@context\":\"https:\\\/\\\/schema.org\",\"@graph\":[{\"@type\":\"WebPage\",\"@id\":\"https:\\\/\\\/helbredspartner.dk\\\/kontaktformular\\\/\",\"url\":\"https:\\\/\\\/helbredspartner.dk\\\/kontaktformular\\\/\",\"name\":\"Fotrydelse og opsigelse af abonnement - Forst\u00e5 din krop\",\"isPartOf\":{\"@id\":\"https:\\\/\\\/helbredspartner.dk\\\/#website\"},\"datePublished\":\"2025-05-20T12:38:21+00:00\",\"dateModified\":\"2025-05-20T12:40:49+00:00\",\"description\":\"Please enable JavaScript in your browser to complete this form.V\u00e6lg kategori *Jeg \u00f8nsker at g\u00f8re brug af min fortrydelsessretOpsig mit medlemskabFulde\",\"breadcrumb\":{\"@id\":\"https:\\\/\\\/helbredspartner.dk\\\/kontaktformular\\\/#breadcrumb\"},\"inLanguage\":\"en-US\",\"potentialAction\":[{\"@type\":\"ReadAction\",\"target\":[\"https:\\\/\\\/helbredspartner.dk\\\/kontaktformular\\\/\"]}]},{\"@type\":\"BreadcrumbList\",\"@id\":\"https:\\\/\\\/helbredspartner.dk\\\/kontaktformular\\\/#breadcrumb\",\"itemListElement\":[{\"@type\":\"ListItem\",\"position\":1,\"name\":\"Hjem\",\"item\":\"https:\\\/\\\/helbredspartner.dk\\\/\"},{\"@type\":\"ListItem\",\"position\":2,\"name\":\"Fotrydelse og opsigelse af abonnement\"}]},{\"@type\":\"WebSite\",\"@id\":\"https:\\\/\\\/helbredspartner.dk\\\/#website\",\"url\":\"https:\\\/\\\/helbredspartner.dk\\\/\",\"name\":\"Helbredspartner\",\"description\":\"Forst\u00e5 din krop\",\"publisher\":{\"@id\":\"https:\\\/\\\/helbredspartner.dk\\\/#organization\"},\"potentialAction\":[{\"@type\":\"SearchAction\",\"target\":{\"@type\":\"EntryPoint\",\"urlTemplate\":\"https:\\\/\\\/helbredspartner.dk\\\/?s={search_term_string}\"},\"query-input\":{\"@type\":\"PropertyValueSpecification\",\"valueRequired\":true,\"valueName\":\"search_term_string\"}}],\"inLanguage\":\"en-US\"},{\"@type\":\"Organization\",\"@id\":\"https:\\\/\\\/helbredspartner.dk\\\/#organization\",\"name\":\"Helbredspartner\",\"url\":\"https:\\\/\\\/helbredspartner.dk\\\/\",\"logo\":{\"@type\":\"ImageObject\",\"inLanguage\":\"en-US\",\"@id\":\"https:\\\/\\\/helbredspartner.dk\\\/#\\\/schema\\\/logo\\\/image\\\/\",\"url\":\"https:\\\/\\\/helbredspartner.dk\\\/wp-content\\\/uploads\\\/2025\\\/01\\\/Helbredspartner-logo-cirkel.png\",\"contentUrl\":\"https:\\\/\\\/helbredspartner.dk\\\/wp-content\\\/uploads\\\/2025\\\/01\\\/Helbredspartner-logo-cirkel.png\",\"width\":843,\"height\":843,\"caption\":\"Helbredspartner\"},\"image\":{\"@id\":\"https:\\\/\\\/helbredspartner.dk\\\/#\\\/schema\\\/logo\\\/image\\\/\"},\"sameAs\":[\"https:\\\/\\\/www.facebook.com\\\/profile.php?id=61568761004683\",\"https:\\\/\\\/www.instagram.com\\\/helbredspartner\\\/\"]}]}<\/script>\n<!-- \/ Yoast SEO Premium plugin. -->","yoast_head_json":{"title":"Fotrydelse og opsigelse af abonnement - Forst\u00e5 din krop","description":"Please enable JavaScript in your browser to complete this form.V\u00e6lg kategori *Jeg \u00f8nsker at g\u00f8re brug af min fortrydelsessretOpsig mit medlemskabFulde","robots":{"index":"noindex","follow":"follow"},"og_locale":"en_US","og_type":"article","og_title":"Fotrydelse og opsigelse af abonnement","og_description":"Please enable JavaScript in your browser to complete this form.V\u00e6lg kategori *Jeg \u00f8nsker at g\u00f8re brug af min fortrydelsessretOpsig mit medlemskabFulde","og_url":"https:\/\/helbredspartner.dk\/en\/kontaktformular\/","og_site_name":"Helbredspartner","article_publisher":"https:\/\/www.facebook.com\/profile.php?id=61568761004683","article_modified_time":"2025-05-20T12:40:49+00:00","og_image":[{"width":1200,"height":867,"url":"https:\/\/helbredspartner.dk\/wp-content\/uploads\/2025\/01\/color1_icon_transparent_background.png","type":"image\/png"}],"twitter_card":"summary_large_image","twitter_misc":{"Est. reading time":"1 minute"},"schema":{"@context":"https:\/\/schema.org","@graph":[{"@type":"WebPage","@id":"https:\/\/helbredspartner.dk\/kontaktformular\/","url":"https:\/\/helbredspartner.dk\/kontaktformular\/","name":"Fotrydelse og opsigelse af abonnement - Forst\u00e5 din krop","isPartOf":{"@id":"https:\/\/helbredspartner.dk\/#website"},"datePublished":"2025-05-20T12:38:21+00:00","dateModified":"2025-05-20T12:40:49+00:00","description":"Please enable JavaScript in your browser to complete this form.V\u00e6lg kategori *Jeg \u00f8nsker at g\u00f8re brug af min fortrydelsessretOpsig mit medlemskabFulde","breadcrumb":{"@id":"https:\/\/helbredspartner.dk\/kontaktformular\/#breadcrumb"},"inLanguage":"en-US","potentialAction":[{"@type":"ReadAction","target":["https:\/\/helbredspartner.dk\/kontaktformular\/"]}]},{"@type":"BreadcrumbList","@id":"https:\/\/helbredspartner.dk\/kontaktformular\/#breadcrumb","itemListElement":[{"@type":"ListItem","position":1,"name":"Hjem","item":"https:\/\/helbredspartner.dk\/"},{"@type":"ListItem","position":2,"name":"Fotrydelse og opsigelse af abonnement"}]},{"@type":"WebSite","@id":"https:\/\/helbredspartner.dk\/#website","url":"https:\/\/helbredspartner.dk\/","name":"Helbredspartner","description":"Forst\u00e5 din krop","publisher":{"@id":"https:\/\/helbredspartner.dk\/#organization"},"potentialAction":[{"@type":"SearchAction","target":{"@type":"EntryPoint","urlTemplate":"https:\/\/helbredspartner.dk\/?s={search_term_string}"},"query-input":{"@type":"PropertyValueSpecification","valueRequired":true,"valueName":"search_term_string"}}],"inLanguage":"en-US"},{"@type":"Organization","@id":"https:\/\/helbredspartner.dk\/#organization","name":"Helbredspartner","url":"https:\/\/helbredspartner.dk\/","logo":{"@type":"ImageObject","inLanguage":"en-US","@id":"https:\/\/helbredspartner.dk\/#\/schema\/logo\/image\/","url":"https:\/\/helbredspartner.dk\/wp-content\/uploads\/2025\/01\/Helbredspartner-logo-cirkel.png","contentUrl":"https:\/\/helbredspartner.dk\/wp-content\/uploads\/2025\/01\/Helbredspartner-logo-cirkel.png","width":843,"height":843,"caption":"Helbredspartner"},"image":{"@id":"https:\/\/helbredspartner.dk\/#\/schema\/logo\/image\/"},"sameAs":["https:\/\/www.facebook.com\/profile.php?id=61568761004683","https:\/\/www.instagram.com\/helbredspartner\/"]}]}},"rttpg_featured_image_url":null,"rttpg_author":{"display_name":"Helbredspartner","author_link":"https:\/\/helbredspartner.dk\/en\/author\/helbredspartner\/"},"rttpg_comment":0,"rttpg_category":null,"rttpg_excerpt":"Please enable JavaScript in your browser to complete this form.V\u00e6lg kategori *Jeg \u00f8nsker at g\u00f8re brug af min fortrydelsessretOpsig mit medlemskabFulde Navn *Mobilnummer *Email *EmailConfirm EmailAdresse *Dato for k\u00f8b af ydelse *Kommentar eller besked *Uddyb venligst din henvendelse Send","_links":{"self":[{"href":"https:\/\/helbredspartner.dk\/en\/wp-json\/wp\/v2\/pages\/4727","targetHints":{"allow":["GET"]}}],"collection":[{"href":"https:\/\/helbredspartner.dk\/en\/wp-json\/wp\/v2\/pages"}],"about":[{"href":"https:\/\/helbredspartner.dk\/en\/wp-json\/wp\/v2\/types\/page"}],"author":[{"embeddable":true,"href":"https:\/\/helbredspartner.dk\/en\/wp-json\/wp\/v2\/users\/1"}],"replies":[{"embeddable":true,"href":"https:\/\/helbredspartner.dk\/en\/wp-json\/wp\/v2\/comments?post=4727"}],"version-history":[{"count":7,"href":"https:\/\/helbredspartner.dk\/en\/wp-json\/wp\/v2\/pages\/4727\/revisions"}],"predecessor-version":[{"id":4734,"href":"https:\/\/helbredspartner.dk\/en\/wp-json\/wp\/v2\/pages\/4727\/revisions\/4734"}],"wp:attachment":[{"href":"https:\/\/helbredspartner.dk\/en\/wp-json\/wp\/v2\/media?parent=4727"}],"curies":[{"name":"wp","href":"https:\/\/api.w.org\/{rel}","templated":true}]}}